{"id":97,"date":"2021-06-14T16:30:29","date_gmt":"2021-06-14T19:30:29","guid":{"rendered":"https:\/\/jotafilms.com.br\/?page_id=97"},"modified":"2023-01-02T16:11:00","modified_gmt":"2023-01-02T19:11:00","slug":"insulfilm-jateado-em-bh","status":"publish","type":"page","link":"https:\/\/jotafilms.com.br\/?page_id=97","title":{"rendered":"Insulfilm Jateado em BH"},"content":{"rendered":"\n<figure class=\"wp-block-image size-full\"><img loading=\"lazy\" decoding=\"async\" width=\"600\" height=\"450\" src=\"http:\/\/jotafilms.com.br\/wp-content\/uploads\/2023\/01\/jateadofrisos.jpg\" alt=\"insulfilm jateado\" class=\"wp-image-431\" srcset=\"https:\/\/jotafilms.com.br\/wp-content\/uploads\/2023\/01\/jateadofrisos.jpg 600w, https:\/\/jotafilms.com.br\/wp-content\/uploads\/2023\/01\/jateadofrisos-300x225.jpg 300w\" sizes=\"auto, (max-width: 600px) 100vw, 600px\" \/><figcaption class=\"wp-element-caption\">Insulfilm Jateado<\/figcaption><\/figure>\n\n\n\n<figure class=\"wp-block-image size-full\"><img loading=\"lazy\" decoding=\"async\" width=\"600\" height=\"450\" src=\"http:\/\/jotafilms.com.br\/wp-content\/uploads\/2023\/01\/jateadoquadros.jpg\" alt=\"Insulfilm jateado\" class=\"wp-image-433\" srcset=\"https:\/\/jotafilms.com.br\/wp-content\/uploads\/2023\/01\/jateadoquadros.jpg 600w, https:\/\/jotafilms.com.br\/wp-content\/uploads\/2023\/01\/jateadoquadros-300x225.jpg 300w\" sizes=\"auto, (max-width: 600px) 100vw, 600px\" \/><figcaption class=\"wp-element-caption\">Insulfilm Jateado Recortado<\/figcaption><\/figure>\n\n\n\n<p>A Jota films, oferece a voc\u00ea de BH e regi\u00e3o a oportunidade de transformar qualquer vidro liso em um lindo vidro Jateado instalando nosso <strong>insulfilm residencial jateado<\/strong>, com algumas vantagens: O processo de aplica\u00e7\u00e3o do insulfilm jateado n\u00e3o \u00e9 definitivo, pode ser retirado;  a aplica\u00e7\u00e3o do insulfilm jateado custa muito menos que mandar jatear em uma vidra\u00e7aria; o insulfilm jateado tem uma vida \u00fatil muito longa superior a 10 anos.<\/p>\n\n\n<div class=\"crp_related   crp_related_block   crp-rounded-thumbs\"><ul><li><a href=\"https:\/\/jotafilms.com.br\/?page_id=127\"     class=\"crp_link page-127\"><figure><img decoding=\"async\" loading=\"lazy\"  width=\"150\" height=\"150\"  src=\"https:\/\/jotafilms.com.br\/wp-content\/plugins\/contextual-related-posts\/default.png\" class=\"crp_thumb crp_default_thumb\" alt=\"O INSULFILM\" title=\"O INSULFILM\" \/><\/figure><span class=\"crp_title\">O INSULFILM<\/span><\/a><\/li><li><a href=\"https:\/\/jotafilms.com.br\/?page_id=207\"     class=\"crp_link page-207\"><figure><img decoding=\"async\" loading=\"lazy\"  width=\"150\" height=\"84\"  src=\"https:\/\/jotafilms.com.br\/wp-content\/uploads\/2023\/01\/prata02.jpg\" class=\"crp_thumb crp_firstcorrect\" alt=\"Qual o valor do insulfilm da jotafilms bh?\" title=\"Qual o valor do insulfilm da jotafilms bh?\" srcset=\"https:\/\/jotafilms.com.br\/wp-content\/uploads\/2023\/01\/prata02.jpg 600w, https:\/\/jotafilms.com.br\/wp-content\/uploads\/2023\/01\/prata02-300x169.jpg 300w\" sizes=\"auto, (max-width: 150px) 100vw, 150px\" \/><\/figure><span class=\"crp_title\">Qual o valor do insulfilm da jotafilms bh?<\/span><\/a><\/li><li><a href=\"https:\/\/jotafilms.com.br\/?page_id=93\"     class=\"crp_link page-93\"><figure><img decoding=\"async\" loading=\"lazy\"  width=\"150\" height=\"113\"  src=\"https:\/\/jotafilms.com.br\/wp-content\/uploads\/2023\/01\/insulfilm-bh-02.jpg\" class=\"crp_thumb crp_firstcorrect\" alt=\"Aqui voc\u00ea encontra todos os modelos de Insulfilm BH\" title=\"Aqui voc\u00ea encontra todos os modelos de Insulfilm BH\" srcset=\"https:\/\/jotafilms.com.br\/wp-content\/uploads\/2023\/01\/insulfilm-bh-02.jpg 530w, https:\/\/jotafilms.com.br\/wp-content\/uploads\/2023\/01\/insulfilm-bh-02-300x225.jpg 300w\" sizes=\"auto, (max-width: 150px) 100vw, 150px\" \/><\/figure><span class=\"crp_title\">Aqui voc\u00ea encontra todos os modelos de Insulfilm BH<\/span><\/a><\/li><li><a href=\"https:\/\/jotafilms.com.br\/?page_id=143\"     class=\"crp_link page-143\"><figure><img decoding=\"async\" loading=\"lazy\"  width=\"150\" height=\"150\"  src=\"https:\/\/jotafilms.com.br\/wp-content\/plugins\/contextual-related-posts\/default.png\" class=\"crp_thumb crp_default_thumb\" alt=\"Remo\u00e7\u00e3o do insulfilm Antigo\" title=\"Remo\u00e7\u00e3o do insulfilm Antigo\" \/><\/figure><span class=\"crp_title\">Remo\u00e7\u00e3o do insulfilm Antigo<\/span><\/a><\/li><li><a href=\"https:\/\/jotafilms.com.br\/?p=326\"     class=\"crp_link post-326\"><figure><img decoding=\"async\" loading=\"lazy\"  width=\"150\" height=\"150\"  src=\"https:\/\/jotafilms.com.br\/wp-content\/uploads\/2022\/03\/jateado-bandeirantes1-bh.jpg\" class=\"crp_thumb crp_first\" alt=\"Sofrendo com falta de PRIVACIDADE\" title=\"Sofrendo com falta de PRIVACIDADE\" \/><\/figure><span class=\"crp_title\">Sofrendo com falta de PRIVACIDADE<\/span><\/a><\/li><li><a href=\"https:\/\/jotafilms.com.br\/?page_id=118\"     class=\"crp_link page-118\"><figure><img decoding=\"async\" loading=\"lazy\"  width=\"150\" height=\"113\"  src=\"https:\/\/jotafilms.com.br\/wp-content\/uploads\/2023\/01\/insulfilmverdenatural1.jpg\" class=\"crp_thumb crp_firstcorrect\" alt=\"Insulfilm Verde Natural em BH\" title=\"Insulfilm Verde Natural em BH\" srcset=\"https:\/\/jotafilms.com.br\/wp-content\/uploads\/2023\/01\/insulfilmverdenatural1.jpg 600w, https:\/\/jotafilms.com.br\/wp-content\/uploads\/2023\/01\/insulfilmverdenatural1-300x225.jpg 300w\" sizes=\"auto, (max-width: 150px) 100vw, 150px\" \/><\/figure><span class=\"crp_title\">Insulfilm Verde Natural em BH<\/span><\/a><\/li><\/ul><div class=\"crp_clear\"><\/div><\/div>","protected":false},"excerpt":{"rendered":"<p>A Jota films, oferece a voc\u00ea de BH e regi\u00e3o a oportunidade de transformar qualquer vidro liso em um lindo vidro Jateado instalando nosso insulfilm residencial jateado, com algumas vantagens: O processo de aplica\u00e7\u00e3o do insulfilm jateado n\u00e3o \u00e9 definitivo, pode ser retirado; a aplica\u00e7\u00e3o do insulfilm jateado custa muito menos que mandar jatear em &hellip; <\/p>\n<p class=\"link-more\"><a href=\"https:\/\/jotafilms.com.br\/?page_id=97\" class=\"more-link\">Continue reading<span class=\"screen-reader-text\"> &#8220;Insulfilm Jateado em BH&#8221;<\/span><\/a><\/p>\n","protected":false},"author":1,"featured_media":0,"parent":0,"menu_order":0,"comment_status":"closed","ping_status":"closed","template":"","meta":{"footnotes":""},"class_list":["post-97","page","type-page","status-publish","hentry"],"_links":{"self":[{"href":"https:\/\/jotafilms.com.br\/index.php?rest_route=\/wp\/v2\/pages\/97","targetHints":{"allow":["GET"]}}],"collection":[{"href":"https:\/\/jotafilms.com.br\/index.php?rest_route=\/wp\/v2\/pages"}],"about":[{"href":"https:\/\/jotafilms.com.br\/index.php?rest_route=\/wp\/v2\/types\/page"}],"author":[{"embeddable":true,"href":"https:\/\/jotafilms.com.br\/index.php?rest_route=\/wp\/v2\/users\/1"}],"replies":[{"embeddable":true,"href":"https:\/\/jotafilms.com.br\/index.php?rest_route=%2Fwp%2Fv2%2Fcomments&post=97"}],"version-history":[{"count":2,"href":"https:\/\/jotafilms.com.br\/index.php?rest_route=\/wp\/v2\/pages\/97\/revisions"}],"predecessor-version":[{"id":454,"href":"https:\/\/jotafilms.com.br\/index.php?rest_route=\/wp\/v2\/pages\/97\/revisions\/454"}],"wp:attachment":[{"href":"https:\/\/jotafilms.com.br\/index.php?rest_route=%2Fwp%2Fv2%2Fmedia&parent=97"}],"curies":[{"name":"wp","href":"https:\/\/api.w.org\/{rel}","templated":true}]}}