{"id":72,"date":"2021-06-14T12:10:45","date_gmt":"2021-06-14T15:10:45","guid":{"rendered":"https:\/\/jotafilms.com.br\/?page_id=72"},"modified":"2023-05-05T16:17:01","modified_gmt":"2023-05-05T19:17:01","slug":"insulfilm-espelhado-em-bh","status":"publish","type":"page","link":"https:\/\/jotafilms.com.br\/?page_id=72","title":{"rendered":"Insulfilm Residencial Espelhado em BH"},"content":{"rendered":"\n<figure class=\"wp-block-image size-full\"><img loading=\"lazy\" decoding=\"async\" width=\"600\" height=\"450\" src=\"http:\/\/jotafilms.com.br\/wp-content\/uploads\/2023\/01\/insulfilmprata.jpg\" alt=\"insulfilm espelhado\" class=\"wp-image-419\" srcset=\"https:\/\/jotafilms.com.br\/wp-content\/uploads\/2023\/01\/insulfilmprata.jpg 600w, https:\/\/jotafilms.com.br\/wp-content\/uploads\/2023\/01\/insulfilmprata-300x225.jpg 300w\" sizes=\"auto, (max-width: 600px) 100vw, 600px\" \/><figcaption class=\"wp-element-caption\">Insulfilm Espelhado por fora<\/figcaption><\/figure>\n\n\n\n<figure class=\"wp-block-image size-full\"><img loading=\"lazy\" decoding=\"async\" width=\"600\" height=\"450\" src=\"http:\/\/jotafilms.com.br\/wp-content\/uploads\/2023\/01\/insulfilm-fume-espelhado-gutierrez-bh.jpg\" alt=\"Insulfilm espelhado por dentro\" class=\"wp-image-398\" srcset=\"https:\/\/jotafilms.com.br\/wp-content\/uploads\/2023\/01\/insulfilm-fume-espelhado-gutierrez-bh.jpg 600w, https:\/\/jotafilms.com.br\/wp-content\/uploads\/2023\/01\/insulfilm-fume-espelhado-gutierrez-bh-300x225.jpg 300w\" sizes=\"auto, (max-width: 600px) 100vw, 600px\" \/><figcaption class=\"wp-element-caption\">Insulfilm espelhado por dentro<\/figcaption><\/figure>\n\n\n\n<p>Insulfilm residencial espelhado \u00e9 uma pel\u00edcula de alta performance que bloqueia em 99% os raios Uv&#8217;s e reduz o calor em mais de 70%, \u00e9 a pel\u00edcula ideal para ambiente de alta incid\u00eancia solar, alem de dar privacidade o dia todo. <\/p>\n\n\n\n<p>Instalamos em BH e regi\u00e3o, atendemos toda regi\u00e3o metropolitana de BH.<\/p>\n\n\n<div class=\"crp_related   crp_related_block   crp-rounded-thumbs\"><ul><li><a href=\"https:\/\/jotafilms.com.br\/?page_id=127\"     class=\"crp_link page-127\"><figure><img decoding=\"async\" loading=\"lazy\"  width=\"150\" height=\"150\"  src=\"https:\/\/jotafilms.com.br\/wp-content\/plugins\/contextual-related-posts\/default.png\" class=\"crp_thumb crp_default_thumb\" alt=\"O INSULFILM\" title=\"O INSULFILM\" \/><\/figure><span class=\"crp_title\">O INSULFILM<\/span><\/a><\/li><li><a href=\"https:\/\/jotafilms.com.br\/?page_id=133\"     class=\"crp_link page-133\"><figure><img decoding=\"async\" loading=\"lazy\"  width=\"150\" height=\"150\"  src=\"https:\/\/jotafilms.com.br\/wp-content\/plugins\/contextual-related-posts\/default.png\" class=\"crp_thumb crp_default_thumb\" alt=\"Como escolher seu Insulfilm\" title=\"Como escolher seu Insulfilm\" \/><\/figure><span class=\"crp_title\">Como escolher seu Insulfilm<\/span><\/a><\/li><li><a href=\"https:\/\/jotafilms.com.br\/?page_id=70\"     class=\"crp_link page-70\"><figure><img decoding=\"async\" loading=\"lazy\"  width=\"150\" height=\"113\"  src=\"https:\/\/jotafilms.com.br\/wp-content\/uploads\/2023\/01\/insulfilm-fume-g5-vespasiano222.jpg\" class=\"crp_thumb crp_firstcorrect\" alt=\"Insulfilm Residencial Fum\u00ea G5, G20\" title=\"Insulfilm Residencial Fum\u00ea G5, G20\" srcset=\"https:\/\/jotafilms.com.br\/wp-content\/uploads\/2023\/01\/insulfilm-fume-g5-vespasiano222.jpg 600w, https:\/\/jotafilms.com.br\/wp-content\/uploads\/2023\/01\/insulfilm-fume-g5-vespasiano222-300x225.jpg 300w\" sizes=\"auto, (max-width: 150px) 100vw, 150px\" \/><\/figure><span class=\"crp_title\">Insulfilm Residencial Fum\u00ea G5, G20<\/span><\/a><\/li><li><a href=\"https:\/\/jotafilms.com.br\/?page_id=99\"     class=\"crp_link page-99\"><figure><img decoding=\"async\" loading=\"lazy\"  width=\"150\" height=\"113\"  src=\"https:\/\/jotafilms.com.br\/wp-content\/uploads\/2023\/01\/insulfilmazulespelhado.jpg\" class=\"crp_thumb crp_firstcorrect\" alt=\"Insulfilm Azul Refletivo\" title=\"Insulfilm Azul Refletivo\" srcset=\"https:\/\/jotafilms.com.br\/wp-content\/uploads\/2023\/01\/insulfilmazulespelhado.jpg 600w, https:\/\/jotafilms.com.br\/wp-content\/uploads\/2023\/01\/insulfilmazulespelhado-300x225.jpg 300w\" sizes=\"auto, (max-width: 150px) 100vw, 150px\" \/><\/figure><span class=\"crp_title\">Insulfilm Azul Refletivo<\/span><\/a><\/li><li><a href=\"https:\/\/jotafilms.com.br\/?page_id=207\"     class=\"crp_link page-207\"><figure><img decoding=\"async\" loading=\"lazy\"  width=\"150\" height=\"84\"  src=\"https:\/\/jotafilms.com.br\/wp-content\/uploads\/2023\/01\/prata02.jpg\" class=\"crp_thumb crp_firstcorrect\" alt=\"Qual o valor do insulfilm da jotafilms bh?\" title=\"Qual o valor do insulfilm da jotafilms bh?\" srcset=\"https:\/\/jotafilms.com.br\/wp-content\/uploads\/2023\/01\/prata02.jpg 600w, https:\/\/jotafilms.com.br\/wp-content\/uploads\/2023\/01\/prata02-300x169.jpg 300w\" sizes=\"auto, (max-width: 150px) 100vw, 150px\" \/><\/figure><span class=\"crp_title\">Qual o valor do insulfilm da jotafilms bh?<\/span><\/a><\/li><li><a href=\"https:\/\/jotafilms.com.br\/?page_id=183\"     class=\"crp_link page-183\"><figure><img decoding=\"async\" loading=\"lazy\"  width=\"150\" height=\"113\"  src=\"https:\/\/jotafilms.com.br\/wp-content\/uploads\/2023\/01\/insulfilmbronze3.jpg\" class=\"crp_thumb crp_firstcorrect\" alt=\"Insulfilm Bronze refletivo\" title=\"Insulfilm Bronze refletivo\" srcset=\"https:\/\/jotafilms.com.br\/wp-content\/uploads\/2023\/01\/insulfilmbronze3.jpg 600w, https:\/\/jotafilms.com.br\/wp-content\/uploads\/2023\/01\/insulfilmbronze3-300x225.jpg 300w\" sizes=\"auto, (max-width: 150px) 100vw, 150px\" \/><\/figure><span class=\"crp_title\">Insulfilm Bronze refletivo<\/span><\/a><\/li><\/ul><div class=\"crp_clear\"><\/div><\/div>","protected":false},"excerpt":{"rendered":"<p>Insulfilm residencial espelhado \u00e9 uma pel\u00edcula de alta performance que bloqueia em 99% os raios Uv&#8217;s e reduz o calor em mais de 70%, \u00e9 a pel\u00edcula ideal para ambiente de alta incid\u00eancia solar, alem de dar privacidade o dia todo. Instalamos em BH e regi\u00e3o, atendemos toda regi\u00e3o metropolitana de BH.<\/p>\n","protected":false},"author":1,"featured_media":0,"parent":0,"menu_order":0,"comment_status":"closed","ping_status":"closed","template":"","meta":{"footnotes":""},"class_list":["post-72","page","type-page","status-publish","hentry"],"_links":{"self":[{"href":"https:\/\/jotafilms.com.br\/index.php?rest_route=\/wp\/v2\/pages\/72","targetHints":{"allow":["GET"]}}],"collection":[{"href":"https:\/\/jotafilms.com.br\/index.php?rest_route=\/wp\/v2\/pages"}],"about":[{"href":"https:\/\/jotafilms.com.br\/index.php?rest_route=\/wp\/v2\/types\/page"}],"author":[{"embeddable":true,"href":"https:\/\/jotafilms.com.br\/index.php?rest_route=\/wp\/v2\/users\/1"}],"replies":[{"embeddable":true,"href":"https:\/\/jotafilms.com.br\/index.php?rest_route=%2Fwp%2Fv2%2Fcomments&post=72"}],"version-history":[{"count":3,"href":"https:\/\/jotafilms.com.br\/index.php?rest_route=\/wp\/v2\/pages\/72\/revisions"}],"predecessor-version":[{"id":491,"href":"https:\/\/jotafilms.com.br\/index.php?rest_route=\/wp\/v2\/pages\/72\/revisions\/491"}],"wp:attachment":[{"href":"https:\/\/jotafilms.com.br\/index.php?rest_route=%2Fwp%2Fv2%2Fmedia&parent=72"}],"curies":[{"name":"wp","href":"https:\/\/api.w.org\/{rel}","templated":true}]}}