{"id":207,"date":"2021-07-07T08:16:48","date_gmt":"2021-07-07T11:16:48","guid":{"rendered":"https:\/\/jotafilms.com.br\/?page_id=207"},"modified":"2025-05-25T20:59:14","modified_gmt":"2025-05-25T23:59:14","slug":"qual-valor-do-insulfilm-bh","status":"publish","type":"page","link":"https:\/\/jotafilms.com.br\/?page_id=207","title":{"rendered":"Qual o valor do insulfilm da jotafilms bh?"},"content":{"rendered":"\n<p>A Jotafilms trabalha com todos modelos de<strong> insulfilm<\/strong> linha econ\u00f4mica at\u00e9 as linhas mais sofisticadas, temos pel\u00edculas que atendem todas as necessidades do mercado, mas em todas as pel\u00edculas nosso pre\u00e7o final do or\u00e7amento \u00e9 o melhor de BH, trabalhamos com estrutura enxuta para garantir aos nossos clientes o melhor custo benef\u00edcio e o melhor pre\u00e7o por metro quadrado instalado do insulfilm residencial em BH, ligue e fa\u00e7a um or\u00e7amento agora mesmo:<\/p>\n\n\n\n<p><strong><a href=\"https:\/\/api.whatsapp.com\/send?phone=5531992385205\"><a href=\"https:\/\/api.whatsapp.com\/send?phone=5531985320750\"><strong>31***320750<\/strong><\/a><\/a><\/strong><\/p>\n\n\n\n<figure class=\"wp-block-gallery has-nested-images columns-default is-cropped wp-block-gallery-1 is-layout-flex wp-block-gallery-is-layout-flex\">\n<figure class=\"wp-block-image size-large\"><img loading=\"lazy\" decoding=\"async\" width=\"600\" height=\"337\" data-id=\"434\" src=\"http:\/\/jotafilms.com.br\/wp-content\/uploads\/2023\/01\/prata02.jpg\" alt=\"\" class=\"wp-image-434\" srcset=\"https:\/\/jotafilms.com.br\/wp-content\/uploads\/2023\/01\/prata02.jpg 600w, https:\/\/jotafilms.com.br\/wp-content\/uploads\/2023\/01\/prata02-300x169.jpg 300w\" sizes=\"auto, (max-width: 600px) 100vw, 600px\" \/><figcaption class=\"wp-element-caption\">Insulfilm espelhado R$ 80,00<\/figcaption><\/figure>\n\n\n\n<figure class=\"wp-block-image size-large\"><img loading=\"lazy\" decoding=\"async\" width=\"600\" height=\"450\" data-id=\"433\" src=\"http:\/\/jotafilms.com.br\/wp-content\/uploads\/2023\/01\/jateadoquadros.jpg\" alt=\"\" class=\"wp-image-433\" srcset=\"https:\/\/jotafilms.com.br\/wp-content\/uploads\/2023\/01\/jateadoquadros.jpg 600w, https:\/\/jotafilms.com.br\/wp-content\/uploads\/2023\/01\/jateadoquadros-300x225.jpg 300w\" sizes=\"auto, (max-width: 600px) 100vw, 600px\" \/><figcaption class=\"wp-element-caption\">Insulfilm jateado R$ 60,00<\/figcaption><\/figure>\n\n\n\n<figure class=\"wp-block-image size-large\"><img loading=\"lazy\" decoding=\"async\" width=\"600\" height=\"450\" data-id=\"426\" src=\"http:\/\/jotafilms.com.br\/wp-content\/uploads\/2023\/01\/insulfilmverdenatural2.jpg\" alt=\"\" class=\"wp-image-426\" srcset=\"https:\/\/jotafilms.com.br\/wp-content\/uploads\/2023\/01\/insulfilmverdenatural2.jpg 600w, https:\/\/jotafilms.com.br\/wp-content\/uploads\/2023\/01\/insulfilmverdenatural2-300x225.jpg 300w\" sizes=\"auto, (max-width: 600px) 100vw, 600px\" \/><figcaption class=\"wp-element-caption\">insulfilm verde nat R$ 70,00<\/figcaption><\/figure>\n\n\n\n<figure class=\"wp-block-image size-large\"><img loading=\"lazy\" decoding=\"async\" width=\"600\" height=\"450\" data-id=\"364\" src=\"http:\/\/jotafilms.com.br\/wp-content\/uploads\/2023\/01\/fume-espelhado-caicara-fora2.png\" alt=\"\" class=\"wp-image-364\" srcset=\"https:\/\/jotafilms.com.br\/wp-content\/uploads\/2023\/01\/fume-espelhado-caicara-fora2.png 600w, https:\/\/jotafilms.com.br\/wp-content\/uploads\/2023\/01\/fume-espelhado-caicara-fora2-300x225.png 300w\" sizes=\"auto, (max-width: 600px) 100vw, 600px\" \/><figcaption class=\"wp-element-caption\">insulfilm Fum\u00ea espe R$80,00<\/figcaption><\/figure>\n\n\n\n<figure class=\"wp-block-image size-large\"><img loading=\"lazy\" decoding=\"async\" width=\"600\" height=\"450\" data-id=\"406\" src=\"http:\/\/jotafilms.com.br\/wp-content\/uploads\/2023\/01\/insulfilm-G5-bairro-liberdade-santa-luzia.jpg\" alt=\"\" class=\"wp-image-406\" srcset=\"https:\/\/jotafilms.com.br\/wp-content\/uploads\/2023\/01\/insulfilm-G5-bairro-liberdade-santa-luzia.jpg 600w, https:\/\/jotafilms.com.br\/wp-content\/uploads\/2023\/01\/insulfilm-G5-bairro-liberdade-santa-luzia-300x225.jpg 300w\" sizes=\"auto, (max-width: 600px) 100vw, 600px\" \/><figcaption class=\"wp-element-caption\">insulfilm G5 R$60,00<\/figcaption><\/figure>\n\n\n\n<figure class=\"wp-block-image size-large\"><img loading=\"lazy\" decoding=\"async\" width=\"600\" height=\"450\" data-id=\"368\" src=\"http:\/\/jotafilms.com.br\/wp-content\/uploads\/2023\/01\/insulfilmazulespelhado.jpg\" alt=\"Insulfilm azul refletivo\" class=\"wp-image-368\" srcset=\"https:\/\/jotafilms.com.br\/wp-content\/uploads\/2023\/01\/insulfilmazulespelhado.jpg 600w, https:\/\/jotafilms.com.br\/wp-content\/uploads\/2023\/01\/insulfilmazulespelhado-300x225.jpg 300w\" sizes=\"auto, (max-width: 600px) 100vw, 600px\" \/><figcaption class=\"wp-element-caption\">Insulfilm Azul Refletivo R$85,00<\/figcaption><\/figure>\n<\/figure>\n\n\n\n<hr class=\"wp-block-separator has-css-opacity\"\/>\n\n\n\n<h2 class=\"wp-block-heading\"><strong>Onde Colocar INSULFILM em BH<\/strong><\/h2>\n\n\n\n<p>O Insulflm para apresentar um bom resultado final depende de doi fatores principais:<\/p>\n\n\n\n<ul class=\"wp-block-list\">\n<li><strong>A qualidade do insulfilm instalado<\/strong>;   no mercado brasileiro existem muitas variedade de pel\u00edculas, que v\u00e3o daquelas de alta performance que reduzem o calor, previnem contra doen\u00e7as e pele, e ainda oferecem um lindo resultado est\u00e9tico.<\/li>\n<\/ul>\n\n\n\n<!--more-->\n\n\n\n<ul class=\"wp-block-list\">\n<li> E tem as pel\u00edculas que s\u00e3o praticamente um pl\u00e1stico colado no vidro, n\u00e3o tem nenhum benef\u00edcio para sa\u00fade, n\u00e3o reduzem o calor, pelo contr\u00e1rio em alguns casos aumentam o calor, e esteticamente s\u00e3o muito feias.<\/li>\n\n\n\n<li>Outro fator muito importante \u00e9 a <strong>qualidade da instala\u00e7\u00e3o do<\/strong> <strong>insulfilm<\/strong>; \u00e9 muito comum ver por toda BH, muitas pel\u00edculas de qualidade com p\u00e9ssimas instala\u00e7\u00f5es resultado de um trabalho amador de profissionais n\u00e3o capacitados, s\u00e3o muitas bolhas, arranh\u00f5es, frestas descobertas e muita contamina\u00e7\u00e3o no processo, resultando uma est\u00e9tica desagrad\u00e1vel e um produto que poderia durar muitos anos acaba se descolando precocemente.<\/li>\n<\/ul>\n\n\n\n<p>O importante n\u00e3o \u00e9<strong> onde<\/strong> instalar o seu <strong>insulfilm<\/strong>, as vezes andar um pouco mais pode ser muito compensador, na hora de instalar sua pel\u00edcula vale a pena contar com a qualidade das pel\u00edculas de alta performance da Jotafilms Insulfilm BH, e com a capacidade dos nossos instaladores, s\u00e3o mais de 11 anos  de profissionalismo no mercado que v\u00e3o garantir sua satisfa\u00e7\u00e3o.<\/p>\n","protected":false},"excerpt":{"rendered":"<p>A Jotafilms trabalha com todos modelos de insulfilm linha econ\u00f4mica at\u00e9 as linhas mais sofisticadas, temos pel\u00edculas que atendem todas as necessidades do mercado, mas em todas as pel\u00edculas nosso pre\u00e7o final do or\u00e7amento \u00e9 o melhor de BH, trabalhamos com estrutura enxuta para garantir aos nossos clientes o melhor custo benef\u00edcio e o melhor &hellip; <\/p>\n<p class=\"link-more\"><a href=\"https:\/\/jotafilms.com.br\/?page_id=207\" class=\"more-link\">Continue reading<span class=\"screen-reader-text\"> &#8220;Qual o valor do insulfilm da jotafilms bh?&#8221;<\/span><\/a><\/p>\n","protected":false},"author":1,"featured_media":0,"parent":0,"menu_order":0,"comment_status":"closed","ping_status":"closed","template":"","meta":{"footnotes":""},"class_list":["post-207","page","type-page","status-publish","hentry"],"_links":{"self":[{"href":"https:\/\/jotafilms.com.br\/index.php?rest_route=\/wp\/v2\/pages\/207","targetHints":{"allow":["GET"]}}],"collection":[{"href":"https:\/\/jotafilms.com.br\/index.php?rest_route=\/wp\/v2\/pages"}],"about":[{"href":"https:\/\/jotafilms.com.br\/index.php?rest_route=\/wp\/v2\/types\/page"}],"author":[{"embeddable":true,"href":"https:\/\/jotafilms.com.br\/index.php?rest_route=\/wp\/v2\/users\/1"}],"replies":[{"embeddable":true,"href":"https:\/\/jotafilms.com.br\/index.php?rest_route=%2Fwp%2Fv2%2Fcomments&post=207"}],"version-history":[{"count":2,"href":"https:\/\/jotafilms.com.br\/index.php?rest_route=\/wp\/v2\/pages\/207\/revisions"}],"predecessor-version":[{"id":514,"href":"https:\/\/jotafilms.com.br\/index.php?rest_route=\/wp\/v2\/pages\/207\/revisions\/514"}],"wp:attachment":[{"href":"https:\/\/jotafilms.com.br\/index.php?rest_route=%2Fwp%2Fv2%2Fmedia&parent=207"}],"curies":[{"name":"wp","href":"https:\/\/api.w.org\/{rel}","templated":true}]}}