{"id":193,"date":"2021-07-05T08:20:34","date_gmt":"2021-07-05T11:20:34","guid":{"rendered":"https:\/\/jotafilms.com.br\/?page_id=193"},"modified":"2021-07-05T08:20:34","modified_gmt":"2021-07-05T11:20:34","slug":"insulfilm-residencial-bh","status":"publish","type":"page","link":"https:\/\/jotafilms.com.br\/?page_id=193","title":{"rendered":"Insulfilm Residencial BH"},"content":{"rendered":"\n<p>A Jotafilms <strong>Insulfilm BH <\/strong>empresa especializada em pel\u00edculas para resid\u00eancias e empresas em geral, atendendo Belo Horizonte e regi\u00e3o desde 2007 com a maior profissionalidade e qualidade,  trabalhamos com todos os modelos e marcas de pel\u00edculas dispon\u00edveis no mercado, 3M, INTERCONTROL, JOHNSON, INSULGLASS, NEXFILM etc. <\/p>\n\n\n\n<figure class=\"wp-block-gallery columns-3 is-cropped wp-block-gallery-1 is-layout-flex wp-block-gallery-is-layout-flex\"><ul class=\"blocks-gallery-grid\"><li class=\"blocks-gallery-item\"><figure><img decoding=\"async\" src=\"https:\/\/jotafilms.com.br\/wp-content\/uploads\/2021\/06\/insulfilm-bh-02.jpg\" alt=\"\" data-id=\"30\" data-full-url=\"https:\/\/jotafilms.com.br\/wp-content\/uploads\/2021\/06\/insulfilm-bh-02.jpg\" data-link=\"https:\/\/jotafilms.com.br\/insulfilm-bh-02\/\" class=\"wp-image-30\"\/><figcaption class=\"blocks-gallery-item__caption\">Insulfilm G5 G20<\/figcaption><\/figure><\/li><li class=\"blocks-gallery-item\"><figure><img decoding=\"async\" src=\"https:\/\/jotafilms.com.br\/wp-content\/uploads\/2021\/06\/insulfilm-bh-04.jpg\" alt=\"\" data-id=\"31\" data-full-url=\"https:\/\/jotafilms.com.br\/wp-content\/uploads\/2021\/06\/insulfilm-bh-04.jpg\" data-link=\"https:\/\/jotafilms.com.br\/insulfilm-bh-04\/\" class=\"wp-image-31\"\/><figcaption class=\"blocks-gallery-item__caption\">Insulfilm G5 por dentro<\/figcaption><\/figure><\/li><li class=\"blocks-gallery-item\"><figure><img decoding=\"async\" src=\"https:\/\/jotafilms.com.br\/wp-content\/uploads\/2021\/06\/insulfilmazulespelhado.jpg\" alt=\"\" data-id=\"32\" data-full-url=\"https:\/\/jotafilms.com.br\/wp-content\/uploads\/2021\/06\/insulfilmazulespelhado.jpg\" data-link=\"https:\/\/jotafilms.com.br\/insulfilmazulespelhado\/\" class=\"wp-image-32\"\/><figcaption class=\"blocks-gallery-item__caption\">Insulfilm Azul Refletivo<\/figcaption><\/figure><\/li><li class=\"blocks-gallery-item\"><figure><img decoding=\"async\" src=\"https:\/\/jotafilms.com.br\/wp-content\/uploads\/2021\/06\/insulfilmespelhado.jpg\" alt=\"\" data-id=\"41\" data-full-url=\"https:\/\/jotafilms.com.br\/wp-content\/uploads\/2021\/06\/insulfilmespelhado.jpg\" data-link=\"https:\/\/jotafilms.com.br\/insulfilmespelhado\/\" class=\"wp-image-41\"\/><figcaption class=\"blocks-gallery-item__caption\">Insulfilm prata espelhado<\/figcaption><\/figure><\/li><li class=\"blocks-gallery-item\"><figure><img decoding=\"async\" src=\"https:\/\/jotafilms.com.br\/wp-content\/uploads\/2021\/06\/insulfilmjateadoquadriculado-576x1024.jpg\" alt=\"\" data-id=\"49\" data-full-url=\"https:\/\/jotafilms.com.br\/wp-content\/uploads\/2021\/06\/insulfilmjateadoquadriculado.jpg\" data-link=\"https:\/\/jotafilms.com.br\/insulfilmjateadoquadriculado\/\" class=\"wp-image-49\"\/><figcaption class=\"blocks-gallery-item__caption\">Insulfilm jateado<\/figcaption><\/figure><\/li><\/ul><\/figure>\n\n\n<div class=\"crp_related   crp_related_block   crp-rounded-thumbs\"><ul><li><a href=\"https:\/\/jotafilms.com.br\/?page_id=127\"     class=\"crp_link page-127\"><figure><img decoding=\"async\" loading=\"lazy\"  width=\"150\" height=\"150\"  src=\"https:\/\/jotafilms.com.br\/wp-content\/plugins\/contextual-related-posts\/default.png\" class=\"crp_thumb crp_default_thumb\" alt=\"O INSULFILM\" title=\"O INSULFILM\" \/><\/figure><span class=\"crp_title\">O INSULFILM<\/span><\/a><\/li><li><a href=\"https:\/\/jotafilms.com.br\/?page_id=207\"     class=\"crp_link page-207\"><figure><img decoding=\"async\" loading=\"lazy\"  width=\"150\" height=\"84\"  src=\"https:\/\/jotafilms.com.br\/wp-content\/uploads\/2023\/01\/prata02.jpg\" class=\"crp_thumb crp_firstcorrect\" alt=\"Qual o valor do insulfilm da jotafilms bh?\" title=\"Qual o valor do insulfilm da jotafilms bh?\" srcset=\"https:\/\/jotafilms.com.br\/wp-content\/uploads\/2023\/01\/prata02.jpg 600w, https:\/\/jotafilms.com.br\/wp-content\/uploads\/2023\/01\/prata02-300x169.jpg 300w\" sizes=\"auto, (max-width: 150px) 100vw, 150px\" \/><\/figure><span class=\"crp_title\">Qual o valor do insulfilm da jotafilms bh?<\/span><\/a><\/li><li><a href=\"https:\/\/jotafilms.com.br\/?page_id=93\"     class=\"crp_link page-93\"><figure><img decoding=\"async\" loading=\"lazy\"  width=\"150\" height=\"113\"  src=\"https:\/\/jotafilms.com.br\/wp-content\/uploads\/2023\/01\/insulfilm-bh-02.jpg\" class=\"crp_thumb crp_firstcorrect\" alt=\"Aqui voc\u00ea encontra todos os modelos de Insulfilm BH\" title=\"Aqui voc\u00ea encontra todos os modelos de Insulfilm BH\" srcset=\"https:\/\/jotafilms.com.br\/wp-content\/uploads\/2023\/01\/insulfilm-bh-02.jpg 530w, https:\/\/jotafilms.com.br\/wp-content\/uploads\/2023\/01\/insulfilm-bh-02-300x225.jpg 300w\" sizes=\"auto, (max-width: 150px) 100vw, 150px\" \/><\/figure><span class=\"crp_title\">Aqui voc\u00ea encontra todos os modelos de Insulfilm BH<\/span><\/a><\/li><li><a href=\"https:\/\/jotafilms.com.br\/?page_id=133\"     class=\"crp_link page-133\"><figure><img decoding=\"async\" loading=\"lazy\"  width=\"150\" height=\"150\"  src=\"https:\/\/jotafilms.com.br\/wp-content\/plugins\/contextual-related-posts\/default.png\" class=\"crp_thumb crp_default_thumb\" alt=\"Como escolher seu Insulfilm\" title=\"Como escolher seu Insulfilm\" \/><\/figure><span class=\"crp_title\">Como escolher seu Insulfilm<\/span><\/a><\/li><li><a href=\"https:\/\/jotafilms.com.br\/?page_id=97\"     class=\"crp_link page-97\"><figure><img decoding=\"async\" loading=\"lazy\"  width=\"150\" height=\"113\"  src=\"https:\/\/jotafilms.com.br\/wp-content\/uploads\/2023\/01\/jateadofrisos.jpg\" class=\"crp_thumb crp_firstcorrect\" alt=\"Insulfilm Jateado em BH\" title=\"Insulfilm Jateado em BH\" srcset=\"https:\/\/jotafilms.com.br\/wp-content\/uploads\/2023\/01\/jateadofrisos.jpg 600w, https:\/\/jotafilms.com.br\/wp-content\/uploads\/2023\/01\/jateadofrisos-300x225.jpg 300w\" sizes=\"auto, (max-width: 150px) 100vw, 150px\" \/><\/figure><span class=\"crp_title\">Insulfilm Jateado em BH<\/span><\/a><\/li><li><a href=\"https:\/\/jotafilms.com.br\/?page_id=138\"     class=\"crp_link page-138\"><figure><img decoding=\"async\" loading=\"lazy\"  width=\"150\" height=\"113\"  src=\"https:\/\/jotafilms.com.br\/wp-content\/uploads\/2023\/01\/insulfilmnanoceramica2.jpg\" class=\"crp_thumb crp_firstcorrect\" alt=\"Insulfilm Nanocer\u00e2mico\" title=\"Insulfilm Nanocer\u00e2mico\" srcset=\"https:\/\/jotafilms.com.br\/wp-content\/uploads\/2023\/01\/insulfilmnanoceramica2.jpg 600w, https:\/\/jotafilms.com.br\/wp-content\/uploads\/2023\/01\/insulfilmnanoceramica2-300x225.jpg 300w\" sizes=\"auto, (max-width: 150px) 100vw, 150px\" \/><\/figure><span class=\"crp_title\">Insulfilm Nanocer\u00e2mico<\/span><\/a><\/li><\/ul><div class=\"crp_clear\"><\/div><\/div>","protected":false},"excerpt":{"rendered":"<p>A Jotafilms Insulfilm BH empresa especializada em pel\u00edculas para resid\u00eancias e empresas em geral, atendendo Belo Horizonte e regi\u00e3o desde 2007 com a maior profissionalidade e qualidade, trabalhamos com todos os modelos e marcas de pel\u00edculas dispon\u00edveis no mercado, 3M, INTERCONTROL, JOHNSON, INSULGLASS, NEXFILM etc.<\/p>\n","protected":false},"author":1,"featured_media":0,"parent":0,"menu_order":0,"comment_status":"closed","ping_status":"closed","template":"","meta":{"footnotes":""},"class_list":["post-193","page","type-page","status-publish","hentry"],"_links":{"self":[{"href":"https:\/\/jotafilms.com.br\/index.php?rest_route=\/wp\/v2\/pages\/193","targetHints":{"allow":["GET"]}}],"collection":[{"href":"https:\/\/jotafilms.com.br\/index.php?rest_route=\/wp\/v2\/pages"}],"about":[{"href":"https:\/\/jotafilms.com.br\/index.php?rest_route=\/wp\/v2\/types\/page"}],"author":[{"embeddable":true,"href":"https:\/\/jotafilms.com.br\/index.php?rest_route=\/wp\/v2\/users\/1"}],"replies":[{"embeddable":true,"href":"https:\/\/jotafilms.com.br\/index.php?rest_route=%2Fwp%2Fv2%2Fcomments&post=193"}],"version-history":[{"count":0,"href":"https:\/\/jotafilms.com.br\/index.php?rest_route=\/wp\/v2\/pages\/193\/revisions"}],"wp:attachment":[{"href":"https:\/\/jotafilms.com.br\/index.php?rest_route=%2Fwp%2Fv2%2Fmedia&parent=193"}],"curies":[{"name":"wp","href":"https:\/\/api.w.org\/{rel}","templated":true}]}}