{"id":183,"date":"2021-07-02T08:59:42","date_gmt":"2021-07-02T11:59:42","guid":{"rendered":"https:\/\/jotafilms.com.br\/?page_id=183"},"modified":"2023-01-02T16:05:37","modified_gmt":"2023-01-02T19:05:37","slug":"insulfilm-bronze-refletivo","status":"publish","type":"page","link":"https:\/\/jotafilms.com.br\/?page_id=183","title":{"rendered":"Insulfilm Bronze refletivo"},"content":{"rendered":"\n<figure class=\"wp-block-gallery has-nested-images columns-default is-cropped wp-block-gallery-1 is-layout-flex wp-block-gallery-is-layout-flex\">\n<figure class=\"wp-block-image size-large\"><img loading=\"lazy\" decoding=\"async\" width=\"600\" height=\"450\" data-id=\"380\" src=\"http:\/\/jotafilms.com.br\/wp-content\/uploads\/2023\/01\/insulfilmbronze3.jpg\" alt=\"\" class=\"wp-image-380\" srcset=\"https:\/\/jotafilms.com.br\/wp-content\/uploads\/2023\/01\/insulfilmbronze3.jpg 600w, https:\/\/jotafilms.com.br\/wp-content\/uploads\/2023\/01\/insulfilmbronze3-300x225.jpg 300w\" sizes=\"auto, (max-width: 600px) 100vw, 600px\" \/><\/figure>\n<figcaption class=\"blocks-gallery-caption wp-element-caption\">Insulfim Bronze refletivo<\/figcaption><\/figure>\n\n\n\n<p>O Insulfilm Bronze refletivo \u00e9 uma pel\u00edcula de alta performance que tem 20% de transpar\u00eancia, bloqueia os raios UV&#8217;s em 99% e reduz o calor em mais de 65%, ela \u00e9 ideal para combinar com fachadas em tons de marrom e bronze.<\/p>\n\n\n<div class=\"crp_related   crp_related_block   crp-rounded-thumbs\"><ul><li><a href=\"https:\/\/jotafilms.com.br\/?page_id=127\"     class=\"crp_link page-127\"><figure><img decoding=\"async\" loading=\"lazy\"  width=\"150\" height=\"150\"  src=\"https:\/\/jotafilms.com.br\/wp-content\/plugins\/contextual-related-posts\/default.png\" class=\"crp_thumb crp_default_thumb\" alt=\"O INSULFILM\" title=\"O INSULFILM\" \/><\/figure><span class=\"crp_title\">O INSULFILM<\/span><\/a><\/li><li><a href=\"https:\/\/jotafilms.com.br\/?page_id=133\"     class=\"crp_link page-133\"><figure><img decoding=\"async\" loading=\"lazy\"  width=\"150\" height=\"150\"  src=\"https:\/\/jotafilms.com.br\/wp-content\/plugins\/contextual-related-posts\/default.png\" class=\"crp_thumb crp_default_thumb\" alt=\"Como escolher seu Insulfilm\" title=\"Como escolher seu Insulfilm\" \/><\/figure><span class=\"crp_title\">Como escolher seu Insulfilm<\/span><\/a><\/li><li><a href=\"https:\/\/jotafilms.com.br\/?page_id=207\"     class=\"crp_link page-207\"><figure><img decoding=\"async\" loading=\"lazy\"  width=\"150\" height=\"84\"  src=\"https:\/\/jotafilms.com.br\/wp-content\/uploads\/2023\/01\/prata02.jpg\" class=\"crp_thumb crp_firstcorrect\" alt=\"Qual o valor do insulfilm da jotafilms bh?\" title=\"Qual o valor do insulfilm da jotafilms bh?\" srcset=\"https:\/\/jotafilms.com.br\/wp-content\/uploads\/2023\/01\/prata02.jpg 600w, https:\/\/jotafilms.com.br\/wp-content\/uploads\/2023\/01\/prata02-300x169.jpg 300w\" sizes=\"auto, (max-width: 150px) 100vw, 150px\" \/><\/figure><span class=\"crp_title\">Qual o valor do insulfilm da jotafilms bh?<\/span><\/a><\/li><li><a href=\"https:\/\/jotafilms.com.br\/?page_id=72\"     class=\"crp_link page-72\"><figure><img decoding=\"async\" loading=\"lazy\"  width=\"150\" height=\"113\"  src=\"https:\/\/jotafilms.com.br\/wp-content\/uploads\/2023\/01\/insulfilmprata.jpg\" class=\"crp_thumb crp_firstcorrect\" alt=\"Insulfilm Residencial Espelhado em BH\" title=\"Insulfilm Residencial Espelhado em BH\" srcset=\"https:\/\/jotafilms.com.br\/wp-content\/uploads\/2023\/01\/insulfilmprata.jpg 600w, https:\/\/jotafilms.com.br\/wp-content\/uploads\/2023\/01\/insulfilmprata-300x225.jpg 300w\" sizes=\"auto, (max-width: 150px) 100vw, 150px\" \/><\/figure><span class=\"crp_title\">Insulfilm Residencial Espelhado em BH<\/span><\/a><\/li><li><a href=\"https:\/\/jotafilms.com.br\/?page_id=138\"     class=\"crp_link page-138\"><figure><img decoding=\"async\" loading=\"lazy\"  width=\"150\" height=\"113\"  src=\"https:\/\/jotafilms.com.br\/wp-content\/uploads\/2023\/01\/insulfilmnanoceramica2.jpg\" class=\"crp_thumb crp_firstcorrect\" alt=\"Insulfilm Nanocer\u00e2mico\" title=\"Insulfilm Nanocer\u00e2mico\" srcset=\"https:\/\/jotafilms.com.br\/wp-content\/uploads\/2023\/01\/insulfilmnanoceramica2.jpg 600w, https:\/\/jotafilms.com.br\/wp-content\/uploads\/2023\/01\/insulfilmnanoceramica2-300x225.jpg 300w\" sizes=\"auto, (max-width: 150px) 100vw, 150px\" \/><\/figure><span class=\"crp_title\">Insulfilm Nanocer\u00e2mico<\/span><\/a><\/li><li><a href=\"https:\/\/jotafilms.com.br\/?page_id=99\"     class=\"crp_link page-99\"><figure><img decoding=\"async\" loading=\"lazy\"  width=\"150\" height=\"113\"  src=\"https:\/\/jotafilms.com.br\/wp-content\/uploads\/2023\/01\/insulfilmazulespelhado.jpg\" class=\"crp_thumb crp_firstcorrect\" alt=\"Insulfilm Azul Refletivo\" title=\"Insulfilm Azul Refletivo\" srcset=\"https:\/\/jotafilms.com.br\/wp-content\/uploads\/2023\/01\/insulfilmazulespelhado.jpg 600w, https:\/\/jotafilms.com.br\/wp-content\/uploads\/2023\/01\/insulfilmazulespelhado-300x225.jpg 300w\" sizes=\"auto, (max-width: 150px) 100vw, 150px\" \/><\/figure><span class=\"crp_title\">Insulfilm Azul Refletivo<\/span><\/a><\/li><\/ul><div class=\"crp_clear\"><\/div><\/div>","protected":false},"excerpt":{"rendered":"<p>O Insulfilm Bronze refletivo \u00e9 uma pel\u00edcula de alta performance que tem 20% de transpar\u00eancia, bloqueia os raios UV&#8217;s em 99% e reduz o calor em mais de 65%, ela \u00e9 ideal para combinar com fachadas em tons de marrom e bronze.<\/p>\n","protected":false},"author":1,"featured_media":0,"parent":0,"menu_order":0,"comment_status":"closed","ping_status":"closed","template":"","meta":{"footnotes":""},"class_list":["post-183","page","type-page","status-publish","hentry"],"_links":{"self":[{"href":"https:\/\/jotafilms.com.br\/index.php?rest_route=\/wp\/v2\/pages\/183","targetHints":{"allow":["GET"]}}],"collection":[{"href":"https:\/\/jotafilms.com.br\/index.php?rest_route=\/wp\/v2\/pages"}],"about":[{"href":"https:\/\/jotafilms.com.br\/index.php?rest_route=\/wp\/v2\/types\/page"}],"author":[{"embeddable":true,"href":"https:\/\/jotafilms.com.br\/index.php?rest_route=\/wp\/v2\/users\/1"}],"replies":[{"embeddable":true,"href":"https:\/\/jotafilms.com.br\/index.php?rest_route=%2Fwp%2Fv2%2Fcomments&post=183"}],"version-history":[{"count":1,"href":"https:\/\/jotafilms.com.br\/index.php?rest_route=\/wp\/v2\/pages\/183\/revisions"}],"predecessor-version":[{"id":450,"href":"https:\/\/jotafilms.com.br\/index.php?rest_route=\/wp\/v2\/pages\/183\/revisions\/450"}],"wp:attachment":[{"href":"https:\/\/jotafilms.com.br\/index.php?rest_route=%2Fwp%2Fv2%2Fmedia&parent=183"}],"curies":[{"name":"wp","href":"https:\/\/api.w.org\/{rel}","templated":true}]}}