{"id":173,"date":"2021-07-02T08:47:56","date_gmt":"2021-07-02T11:47:56","guid":{"rendered":"https:\/\/jotafilms.com.br\/?page_id=173"},"modified":"2021-07-02T08:47:56","modified_gmt":"2021-07-02T11:47:56","slug":"insulfilm-para-janelas-de-apartamentos","status":"publish","type":"page","link":"https:\/\/jotafilms.com.br\/?page_id=173","title":{"rendered":"Insulfilm para janelas de apartamentos"},"content":{"rendered":"\n<p>A Jotafilms insulfilm em BH, tem a mais completa linha de pel\u00edculas para janelas de apartamento, temos pel\u00edculas para privacidade, para controle de calor, para escurecer o ambiente e muitas outras op\u00e7\u00f5es, o insulfilm que voc\u00ea est\u00e1 precisando est\u00e1 aqui.<\/p>\n\n\n\n<figure class=\"wp-block-image size-large is-resized\"><img loading=\"lazy\" decoding=\"async\" src=\"https:\/\/jotafilms.com.br\/wp-content\/uploads\/2021\/06\/jateado001.jpg\" alt=\"\" class=\"wp-image-61\" width=\"529\" height=\"297\"\/><\/figure>\n\n\n\n<figure class=\"wp-block-image size-large\"><img decoding=\"async\" src=\"https:\/\/jotafilms.com.br\/wp-content\/uploads\/2021\/06\/insulfilm-bh-04.jpg\" alt=\"\" class=\"wp-image-31\"\/><\/figure>\n\n\n\n<figure class=\"wp-block-image size-large is-resized\"><img loading=\"lazy\" decoding=\"async\" src=\"https:\/\/jotafilms.com.br\/wp-content\/uploads\/2021\/06\/insulfilmprata.jpg\" alt=\"\" class=\"wp-image-53\" width=\"533\" height=\"400\"\/><\/figure>\n\n\n<div class=\"crp_related   crp_related_block   crp-rounded-thumbs\"><ul><li><a href=\"https:\/\/jotafilms.com.br\/?page_id=133\"     class=\"crp_link page-133\"><figure><img decoding=\"async\" loading=\"lazy\"  width=\"150\" height=\"150\"  src=\"https:\/\/jotafilms.com.br\/wp-content\/plugins\/contextual-related-posts\/default.png\" class=\"crp_thumb crp_default_thumb\" alt=\"Como escolher seu Insulfilm\" title=\"Como escolher seu Insulfilm\" \/><\/figure><span class=\"crp_title\">Como escolher seu Insulfilm<\/span><\/a><\/li><li><a href=\"https:\/\/jotafilms.com.br\/?page_id=127\"     class=\"crp_link page-127\"><figure><img decoding=\"async\" loading=\"lazy\"  width=\"150\" height=\"150\"  src=\"https:\/\/jotafilms.com.br\/wp-content\/plugins\/contextual-related-posts\/default.png\" class=\"crp_thumb crp_default_thumb\" alt=\"O INSULFILM\" title=\"O INSULFILM\" \/><\/figure><span class=\"crp_title\">O INSULFILM<\/span><\/a><\/li><li><a href=\"https:\/\/jotafilms.com.br\/?page_id=207\"     class=\"crp_link page-207\"><figure><img decoding=\"async\" loading=\"lazy\"  width=\"150\" height=\"84\"  src=\"https:\/\/jotafilms.com.br\/wp-content\/uploads\/2023\/01\/prata02.jpg\" class=\"crp_thumb crp_firstcorrect\" alt=\"Qual o valor do insulfilm da jotafilms bh?\" title=\"Qual o valor do insulfilm da jotafilms bh?\" srcset=\"https:\/\/jotafilms.com.br\/wp-content\/uploads\/2023\/01\/prata02.jpg 600w, https:\/\/jotafilms.com.br\/wp-content\/uploads\/2023\/01\/prata02-300x169.jpg 300w\" sizes=\"auto, (max-width: 150px) 100vw, 150px\" \/><\/figure><span class=\"crp_title\">Qual o valor do insulfilm da jotafilms bh?<\/span><\/a><\/li><li><a href=\"https:\/\/jotafilms.com.br\/?page_id=138\"     class=\"crp_link page-138\"><figure><img decoding=\"async\" loading=\"lazy\"  width=\"150\" height=\"113\"  src=\"https:\/\/jotafilms.com.br\/wp-content\/uploads\/2023\/01\/insulfilmnanoceramica2.jpg\" class=\"crp_thumb crp_firstcorrect\" alt=\"Insulfilm Nanocer\u00e2mico\" title=\"Insulfilm Nanocer\u00e2mico\" srcset=\"https:\/\/jotafilms.com.br\/wp-content\/uploads\/2023\/01\/insulfilmnanoceramica2.jpg 600w, https:\/\/jotafilms.com.br\/wp-content\/uploads\/2023\/01\/insulfilmnanoceramica2-300x225.jpg 300w\" sizes=\"auto, (max-width: 150px) 100vw, 150px\" \/><\/figure><span class=\"crp_title\">Insulfilm Nanocer\u00e2mico<\/span><\/a><\/li><li><a href=\"https:\/\/jotafilms.com.br\/?page_id=187\"     class=\"crp_link page-187\"><figure><img decoding=\"async\" loading=\"lazy\"  width=\"150\" height=\"113\"  src=\"https:\/\/jotafilms.com.br\/wp-content\/uploads\/2023\/01\/insulfilmblackoutmesa.jpg\" class=\"crp_thumb crp_firstcorrect\" alt=\"Insulfilm e pel\u00edculas para mesas\" title=\"Insulfilm e pel\u00edculas para mesas\" srcset=\"https:\/\/jotafilms.com.br\/wp-content\/uploads\/2023\/01\/insulfilmblackoutmesa.jpg 600w, https:\/\/jotafilms.com.br\/wp-content\/uploads\/2023\/01\/insulfilmblackoutmesa-300x225.jpg 300w\" sizes=\"auto, (max-width: 150px) 100vw, 150px\" \/><\/figure><span class=\"crp_title\">Insulfilm e pel\u00edculas para mesas<\/span><\/a><\/li><li><a href=\"https:\/\/jotafilms.com.br\/?page_id=93\"     class=\"crp_link page-93\"><figure><img decoding=\"async\" loading=\"lazy\"  width=\"150\" height=\"113\"  src=\"https:\/\/jotafilms.com.br\/wp-content\/uploads\/2023\/01\/insulfilm-bh-02.jpg\" class=\"crp_thumb crp_firstcorrect\" alt=\"Aqui voc\u00ea encontra todos os modelos de Insulfilm BH\" title=\"Aqui voc\u00ea encontra todos os modelos de Insulfilm BH\" srcset=\"https:\/\/jotafilms.com.br\/wp-content\/uploads\/2023\/01\/insulfilm-bh-02.jpg 530w, https:\/\/jotafilms.com.br\/wp-content\/uploads\/2023\/01\/insulfilm-bh-02-300x225.jpg 300w\" sizes=\"auto, (max-width: 150px) 100vw, 150px\" \/><\/figure><span class=\"crp_title\">Aqui voc\u00ea encontra todos os modelos de Insulfilm BH<\/span><\/a><\/li><\/ul><div class=\"crp_clear\"><\/div><\/div>","protected":false},"excerpt":{"rendered":"<p>A Jotafilms insulfilm em BH, tem a mais completa linha de pel\u00edculas para janelas de apartamento, temos pel\u00edculas para privacidade, para controle de calor, para escurecer o ambiente e muitas outras op\u00e7\u00f5es, o insulfilm que voc\u00ea est\u00e1 precisando est\u00e1 aqui.<\/p>\n","protected":false},"author":1,"featured_media":0,"parent":0,"menu_order":0,"comment_status":"closed","ping_status":"closed","template":"","meta":{"footnotes":""},"class_list":["post-173","page","type-page","status-publish","hentry"],"_links":{"self":[{"href":"https:\/\/jotafilms.com.br\/index.php?rest_route=\/wp\/v2\/pages\/173","targetHints":{"allow":["GET"]}}],"collection":[{"href":"https:\/\/jotafilms.com.br\/index.php?rest_route=\/wp\/v2\/pages"}],"about":[{"href":"https:\/\/jotafilms.com.br\/index.php?rest_route=\/wp\/v2\/types\/page"}],"author":[{"embeddable":true,"href":"https:\/\/jotafilms.com.br\/index.php?rest_route=\/wp\/v2\/users\/1"}],"replies":[{"embeddable":true,"href":"https:\/\/jotafilms.com.br\/index.php?rest_route=%2Fwp%2Fv2%2Fcomments&post=173"}],"version-history":[{"count":0,"href":"https:\/\/jotafilms.com.br\/index.php?rest_route=\/wp\/v2\/pages\/173\/revisions"}],"wp:attachment":[{"href":"https:\/\/jotafilms.com.br\/index.php?rest_route=%2Fwp%2Fv2%2Fmedia&parent=173"}],"curies":[{"name":"wp","href":"https:\/\/api.w.org\/{rel}","templated":true}]}}