{"id":17,"date":"2021-06-14T11:00:53","date_gmt":"2021-06-14T14:00:53","guid":{"rendered":"https:\/\/jotafilms.com.br\/?page_id=13"},"modified":"2021-06-14T11:00:53","modified_gmt":"2021-06-14T14:00:53","slug":"pagina-inicial","status":"publish","type":"page","link":"https:\/\/jotafilms.com.br\/?page_id=17","title":{"rendered":"P\u00e1gina inicial"},"content":{"rendered":"\n<p>Bem-vindo(a) ao seu site! Est\u00e1 \u00e9 sua p\u00e1gina inicial, que \u00e9 a p\u00e1gina que a maioria dos visitantes vai ver quando acessarem o seu site pela primeira vez.<\/p>\n","protected":false},"excerpt":{"rendered":"<p>Bem-vindo(a) ao seu site! Est\u00e1 \u00e9 sua p\u00e1gina inicial, que \u00e9 a p\u00e1gina que a maioria dos visitantes vai ver quando acessarem o seu site pela primeira vez.<\/p>\n","protected":false},"author":1,"featured_media":0,"parent":0,"menu_order":0,"comment_status":"closed","ping_status":"closed","template":"","meta":{"footnotes":""},"class_list":["post-17","page","type-page","status-publish","hentry"],"_links":{"self":[{"href":"https:\/\/jotafilms.com.br\/index.php?rest_route=\/wp\/v2\/pages\/17","targetHints":{"allow":["GET"]}}],"collection":[{"href":"https:\/\/jotafilms.com.br\/index.php?rest_route=\/wp\/v2\/pages"}],"about":[{"href":"https:\/\/jotafilms.com.br\/index.php?rest_route=\/wp\/v2\/types\/page"}],"author":[{"embeddable":true,"href":"https:\/\/jotafilms.com.br\/index.php?rest_route=\/wp\/v2\/users\/1"}],"replies":[{"embeddable":true,"href":"https:\/\/jotafilms.com.br\/index.php?rest_route=%2Fwp%2Fv2%2Fcomments&post=17"}],"version-history":[{"count":0,"href":"https:\/\/jotafilms.com.br\/index.php?rest_route=\/wp\/v2\/pages\/17\/revisions"}],"wp:attachment":[{"href":"https:\/\/jotafilms.com.br\/index.php?rest_route=%2Fwp%2Fv2%2Fmedia&parent=17"}],"curies":[{"name":"wp","href":"https:\/\/api.w.org\/{rel}","templated":true}]}}