{"id":133,"date":"2021-06-22T09:52:58","date_gmt":"2021-06-22T12:52:58","guid":{"rendered":"https:\/\/jotafilms.com.br\/?page_id=133"},"modified":"2021-06-22T09:52:58","modified_gmt":"2021-06-22T12:52:58","slug":"como-escolher-seu-insulfilm","status":"publish","type":"page","link":"https:\/\/jotafilms.com.br\/?page_id=133","title":{"rendered":"Como escolher seu Insulfilm"},"content":{"rendered":"\n<p>Primeira coisa a se pensar \u00e9 qual a necessidade do ambiente, come\u00e7ando pela necessidade de escurecer o ambiente, para isso temos as pel\u00edculas Fum\u00ea que tem a gradua\u00e7\u00e3o de transpar\u00eancia variando de 5% de transpar\u00eancia at\u00e9 70% que \u00e9 uma das pel\u00edculas fum\u00ea mais claras, para que deseja escurecer completamente temos a pel\u00edcula Blackout.<\/p>\n\n\n\n<!--more-->\n\n\n\n<p><br>Outra necessidade muito comum \u00e9 a quest\u00e3o do calor excessivo na ambiente, para isso as pel\u00edcula mais indicadas s\u00e3o as pel\u00edculas Melaizadas, o prata espelhado, o fum\u00ea espelhado, etc. essas pel\u00edculas s\u00e3o capazes de reduzir o calor que entra pelos vidros em mais de 70%.<br>Outra necessidade \u00e9 a privacidade, hoje em dia \u00e9 comum nos depararmos com janelas de apartamento de frente umas com as outras e a falta de privacidade chega a incomodar, para isso temos as pel\u00edculas para privacidade, o insulfilm jateado, o insulfilm branco leitoso e muitos outros, o insulfilm jateado por exemplo da privacidade dia e noite sem reduzir a claridade que entra pelas janelas.<br>Al\u00e9m dessas mais comuns temos uma grande variedade de pel\u00edculas decorativas, pel\u00edculas de seguran\u00e7a que aumentam a resist\u00eancia e evitam o estilha\u00e7amento dos mesmos, temos tamb\u00e9m as pel\u00edculas nanocer\u00e2mica que tem um alto poder de reduzir os raios infravermelhos sem alterar as caracter\u00edsticas est\u00e9ticas dos vidros e sem escurecer o ambiente, proporcionando maior controle do calor e prote\u00e7\u00e3o contra os raios solares.<br>Al\u00e9m dessas pel\u00edculas que mencionamos existem v\u00e1rias op\u00e7\u00f5es para cada necessidade espec\u00edfica, mande-nos uma mensagem que vamos te ajudar a escolher um insulfilm que melhor atende a sua necessidade.<\/p>\n","protected":false},"excerpt":{"rendered":"<p>Primeira coisa a se pensar \u00e9 qual a necessidade do ambiente, come\u00e7ando pela necessidade de escurecer o ambiente, para isso temos as pel\u00edculas Fum\u00ea que tem a gradua\u00e7\u00e3o de transpar\u00eancia variando de 5% de transpar\u00eancia at\u00e9 70% que \u00e9 uma das pel\u00edculas fum\u00ea mais claras, para que deseja escurecer completamente temos a pel\u00edcula Blackout.<\/p>\n","protected":false},"author":1,"featured_media":0,"parent":0,"menu_order":0,"comment_status":"closed","ping_status":"closed","template":"","meta":{"footnotes":""},"class_list":["post-133","page","type-page","status-publish","hentry"],"_links":{"self":[{"href":"https:\/\/jotafilms.com.br\/index.php?rest_route=\/wp\/v2\/pages\/133","targetHints":{"allow":["GET"]}}],"collection":[{"href":"https:\/\/jotafilms.com.br\/index.php?rest_route=\/wp\/v2\/pages"}],"about":[{"href":"https:\/\/jotafilms.com.br\/index.php?rest_route=\/wp\/v2\/types\/page"}],"author":[{"embeddable":true,"href":"https:\/\/jotafilms.com.br\/index.php?rest_route=\/wp\/v2\/users\/1"}],"replies":[{"embeddable":true,"href":"https:\/\/jotafilms.com.br\/index.php?rest_route=%2Fwp%2Fv2%2Fcomments&post=133"}],"version-history":[{"count":0,"href":"https:\/\/jotafilms.com.br\/index.php?rest_route=\/wp\/v2\/pages\/133\/revisions"}],"wp:attachment":[{"href":"https:\/\/jotafilms.com.br\/index.php?rest_route=%2Fwp%2Fv2%2Fmedia&parent=133"}],"curies":[{"name":"wp","href":"https:\/\/api.w.org\/{rel}","templated":true}]}}