{"id":127,"date":"2021-06-15T09:50:59","date_gmt":"2021-06-15T12:50:59","guid":{"rendered":"https:\/\/jotafilms.com.br\/?page_id=127"},"modified":"2021-06-15T09:50:59","modified_gmt":"2021-06-15T12:50:59","slug":"o-insulfilm","status":"publish","type":"page","link":"https:\/\/jotafilms.com.br\/?page_id=127","title":{"rendered":"O INSULFILM"},"content":{"rendered":"\n<p>Insulfilm BH | O que \u00e9 insulfilm<\/p>\n\n\n\n<p>INSULFILM, \u00e9 uma marca registrada de uma empresa, semelhante a Gillett, Bom Bril e outras marcas, o nome correto do produto \u00e9 pel\u00edcula de controle solar, ou popularmente conhecida por WINDOW FILM.<\/p>\n\n\n\n<p>O Insulfilm \u00e9 um laminado de poliester vari\u00e1vel em colora\u00e7\u00e3o, metaliza\u00e7\u00e3o e espessura; \u00e9 adesivado, aplic\u00e1vel em vidro. Este produto, importado dos Estados Unidos, aumenta o rendimento do ar condicionado, diminuindo gastos, transforma vidros em forte laminado, que ao romper n\u00e3o estilha\u00e7a e, entre muitas outras vantagens, proporciona excepcional sofistica\u00e7\u00e3o visual.<\/p>\n\n\n\n<p>Sua utiliza\u00e7\u00e3o \u00e9 diuturna, tanto em vidros residenciais e comerciais, como em autom\u00f3veis. Retira grande parte dos efeitos dos raios solares e raios ultra ultravioleta.<\/p>\n\n\n\n<p>Possui v\u00e1rios tipos: refletivas, n\u00e3o refletivas, fum\u00eas e transparentes. S\u00e3o fabricadas em vers\u00f5es econ\u00f4micas e profissionais, para linhas de arquitetura, decora\u00e7\u00e3o , seguran\u00e7a e autos. Voc\u00ea pode escolher tamb\u00e9m a tonalidade das pel\u00edculas: Fum\u00ea, branco, bronze, prata, dourado, azul, verde, vermelho, amarelo &#8230; Por\u00e9m, ao contr\u00e1rio do que muitos pensam, o Insulfilm n\u00e3o \u00e9 um pl\u00e1stico para mudar a cor do vidro; \u00e9 sim um produto revolucion\u00e1rio que faz muito mais do que isso.<\/p>\n\n\n\n<div class=\"wp-block-group\"><div class=\"wp-block-group__inner-container is-layout-flow wp-block-group-is-layout-flow\">\n<!--more-->\n<\/div><\/div>\n\n\n\n<p><strong>Os Benef\u00edcios que o insulfilm proporciona!<\/strong><\/p>\n\n\n\n<p>A pel\u00edcula de controle solar \u00e9 um produto que al\u00e9m de dar sofistica\u00e7\u00e3o visual aos vidros, proporciona grande conforto no seu ambiente, pois:<\/p>\n\n\n\n<p>\u2022 Regula a Temperatura: O Insulfilm tem propriedades t\u00e9rmicas, ou seja, al\u00e9m de filtrar o espectro prejudicial do sol, ele ainda regula a temperatura do ambiente, mantendo um ambiente com temperaturas agrad\u00e1veis no ver\u00e3o e no inverno.<\/p>\n\n\n\n<p>\u2022 Reduz a luminosidade: Em salas em que se precisa de menos ilumina\u00e7\u00e3o, como salas de computa\u00e7\u00e3o, microfilmagem e at\u00e9 as salas de TV de resid\u00eancias, as pel\u00edculas s\u00e3o ideais. Garantem todo o conforto que voc\u00ea precisa. Pesquisas comprovam que ela diminui 75 % dos raios solares.<\/p>\n\n\n\n<p>\u2022 Reduz os gastos com ar condicionado: Os aparelhos de ar condicionado podem ter seu rendimento aumentado com a aposi\u00e7\u00e3o da pel\u00edcula nos vidros. O resultado? Melhor refrigera\u00e7\u00e3o e economia. Por muitas vezes, o uso de ar condicionado \u00e9 totalmente desnecess\u00e1rio com o Insulfilm instalado em seus vidros.<\/p>\n\n\n\n<p>\u2022 Reduz a descolora\u00e7\u00e3o: Em muitos m\u00f3veis, a descolora\u00e7\u00e3o \u00e9 inevit\u00e1vel. Isso se voc\u00ea n\u00e3o tiver pel\u00edcula em seus vidros, \u00e9 claro. O Insulfilm da Jotafilms \u00e9 capaz de reter at\u00e9 99% dos raios ultra-violeta, principal causador da descolora\u00e7\u00e3o de tecidos, pinturas, m\u00f3veis e outros materiais sint\u00e9ticos.<\/p>\n\n\n\n<p>\u2022 Deixa o vidro mais seguro: Os vidros, ao quebrarem, podem machucar algu\u00e9m. E s\u00e3o o local mais fr\u00e1gil da resid\u00eancia ou com\u00e9rcio. A n\u00e3o ser que eles tenham o Insulfilm da JotaFilms , que transforma o vidro em forte laminado. O vidro com pel\u00edcula previne sua propriedade contra atentados e vandalismos, uma vez que voc\u00ea esteja com a pel\u00edcula de seguran\u00e7a. E mesmo com a pel\u00edcula normal, voc\u00ea pode evitar que rachaduras nos vidros se rompam, evitando estilha\u00e7amentos e protegendo sua fam\u00edlia contra os acidentes do dia-a-dia.<\/p>\n\n\n\n<p>\u2022 Privam voc\u00ea de ser vigiado por outras pessoas: Geralmente, as pessoas que n\u00e3o t\u00eam cortinas em casa se sentem vigiadas. Aquelas que t\u00eam divis\u00f3rias em escrit\u00f3rios tamb\u00e9m. Mas tudo isso pode ser resolvido facilmente: aplicando-se pel\u00edculas de controle solar nestes vidros. As pel\u00edculas de controle solar mais escuras permitem o ambiente externo seja visto, enquanto ningu\u00e9m de fora pode ver o ambiente interno. Por\u00e9m, ambos os lados n\u00e3o podem se ver simultaneamente, porque a pel\u00edcula espelha sempre para o lado com maior claridade.<\/p>\n\n\n\n<p>\u2022 Reduz a polui\u00e7\u00e3o sonora: A pel\u00edcula de controle solar, por ser feita de poliester, subst\u00e2ncia isolante sonora, reduz em at\u00e9 30% o barulho que vem do outro lado do vidro. Isto permite que se trabalhe em paz, e mais concentrado no que se est\u00e1 vendo ou fazendo. Deixa o ambiente silencioso, tornando mais agrad\u00e1vel.<\/p>\n\n\n\n<p>\u2022 Tem custos menores: Se voc\u00ea precisa de um vidro colorido ou sofisticado, como vidros azul ou verde &#8211; espelhados, pagaria uma fortuna para os fabricantes de vidro especiais. J\u00e1 com a pel\u00edcula, voc\u00ea obt\u00e9m resultados t\u00e3o eficazes (ou at\u00e9 melhores) quanto aos dos vidros fabricados, com um custo bem mais diminuto.<\/p>\n\n\n\n<p>Fonte de pesquisa; ALPENA WINDOW FILM.<\/p>\n","protected":false},"excerpt":{"rendered":"<p>Insulfilm BH | O que \u00e9 insulfilm INSULFILM, \u00e9 uma marca registrada de uma empresa, semelhante a Gillett, Bom Bril e outras marcas, o nome correto do produto \u00e9 pel\u00edcula de controle solar, ou popularmente conhecida por WINDOW FILM. O Insulfilm \u00e9 um laminado de poliester vari\u00e1vel em colora\u00e7\u00e3o, metaliza\u00e7\u00e3o e espessura; \u00e9 adesivado, aplic\u00e1vel &hellip; <\/p>\n<p class=\"link-more\"><a href=\"https:\/\/jotafilms.com.br\/?page_id=127\" class=\"more-link\">Continue reading<span class=\"screen-reader-text\"> &#8220;O INSULFILM&#8221;<\/span><\/a><\/p>\n","protected":false},"author":1,"featured_media":0,"parent":0,"menu_order":0,"comment_status":"closed","ping_status":"closed","template":"","meta":{"footnotes":""},"class_list":["post-127","page","type-page","status-publish","hentry"],"_links":{"self":[{"href":"https:\/\/jotafilms.com.br\/index.php?rest_route=\/wp\/v2\/pages\/127","targetHints":{"allow":["GET"]}}],"collection":[{"href":"https:\/\/jotafilms.com.br\/index.php?rest_route=\/wp\/v2\/pages"}],"about":[{"href":"https:\/\/jotafilms.com.br\/index.php?rest_route=\/wp\/v2\/types\/page"}],"author":[{"embeddable":true,"href":"https:\/\/jotafilms.com.br\/index.php?rest_route=\/wp\/v2\/users\/1"}],"replies":[{"embeddable":true,"href":"https:\/\/jotafilms.com.br\/index.php?rest_route=%2Fwp%2Fv2%2Fcomments&post=127"}],"version-history":[{"count":0,"href":"https:\/\/jotafilms.com.br\/index.php?rest_route=\/wp\/v2\/pages\/127\/revisions"}],"wp:attachment":[{"href":"https:\/\/jotafilms.com.br\/index.php?rest_route=%2Fwp%2Fv2%2Fmedia&parent=127"}],"curies":[{"name":"wp","href":"https:\/\/api.w.org\/{rel}","templated":true}]}}